{"id":20044,"date":"2016-01-20T21:00:58","date_gmt":"2016-01-20T21:00:58","guid":{"rendered":"http:\/\/evinni.painters.lv\/ru\/product\/rozete-ar-divam-pieslegumvietam\/"},"modified":"2016-01-20T21:00:58","modified_gmt":"2016-01-20T21:00:58","slug":"rozete-ar-divam-pieslegumvietam","status":"publish","type":"product","link":"http:\/\/evinni.lv\/ru\/produkcija\/%d0%b2%d1%8b%d0%ba%d0%bb%d1%8e%d1%87%d0%b0%d1%82%d0%b5%d0%bb%d0%b8-%d0%b8-%d1%80%d0%be%d0%b7%d0%b5%d1%82%d0%ba%d0%b8\/simon-classic-ru\/rozete-ar-divam-pieslegumvietam\/","title":{"rendered":"Rozete ar div\u0101m piesl\u0113gumviet\u0101m"},"content":{"rendered":"","protected":false},"excerpt":{"rendered":"","protected":false},"featured_media":13916,"comment_status":"closed","ping_status":"closed","template":"","meta":{"_exactmetrics_skip_tracking":false,"_exactmetrics_sitenote_active":false,"_exactmetrics_sitenote_note":"","_exactmetrics_sitenote_category":0},"product_cat":[236,216],"product_tag":[],"class_list":{"0":"post-20044","1":"product","2":"type-product","3":"status-publish","4":"has-post-thumbnail","6":"product_cat-simon-classic-ru","7":"product_cat-216","9":"first","10":"instock","11":"shipping-taxable","12":"product-type-simple"},"aioseo_notices":[],"_links":{"self":[{"href":"http:\/\/evinni.lv\/ru\/wp-json\/wp\/v2\/product\/20044","targetHints":{"allow":["GET"]}}],"collection":[{"href":"http:\/\/evinni.lv\/ru\/wp-json\/wp\/v2\/product"}],"about":[{"href":"http:\/\/evinni.lv\/ru\/wp-json\/wp\/v2\/types\/product"}],"replies":[{"embeddable":true,"href":"http:\/\/evinni.lv\/ru\/wp-json\/wp\/v2\/comments?post=20044"}],"wp:featuredmedia":[{"embeddable":true,"href":"http:\/\/evinni.lv\/ru\/wp-json\/wp\/v2\/media\/13916"}],"wp:attachment":[{"href":"http:\/\/evinni.lv\/ru\/wp-json\/wp\/v2\/media?parent=20044"}],"wp:term":[{"taxonomy":"product_cat","embeddable":true,"href":"http:\/\/evinni.lv\/ru\/wp-json\/wp\/v2\/product_cat?post=20044"},{"taxonomy":"product_tag","embeddable":true,"href":"http:\/\/evinni.lv\/ru\/wp-json\/wp\/v2\/product_tag?post=20044"}],"curies":[{"name":"wp","href":"https:\/\/api.w.org\/{rel}","templated":true}]}}