{"id":15070,"date":"2015-12-25T09:38:31","date_gmt":"2015-12-25T09:38:31","guid":{"rendered":"http:\/\/evinni.painters.lv\/ru\/?page_id=15070"},"modified":"2016-03-09T12:57:23","modified_gmt":"2016-03-09T12:57:23","slug":"%d0%b2%d1%8b%d0%ba%d0%bb%d1%8e%d1%87%d0%b0%d1%82%d0%b5%d0%bb%d0%b8-%d0%b8-%d1%80%d0%be%d0%b7%d0%b5%d1%82%d0%ba%d0%b8","status":"publish","type":"page","link":"http:\/\/evinni.lv\/ru\/%d0%b2%d1%8b%d0%ba%d0%bb%d1%8e%d1%87%d0%b0%d1%82%d0%b5%d0%bb%d0%b8-%d0%b8-%d1%80%d0%be%d0%b7%d0%b5%d1%82%d0%ba%d0%b8\/","title":{"rendered":"\u0412\u044b\u043a\u043b\u044e\u0447\u0430\u0442\u0435\u043b\u0438 \u0438 \u0440\u043e\u0437\u0435\u0442\u043a\u0438"},"content":{"rendered":"<p>[vc_row][vc_column width=&#8221;1\/2&#8243;][vc_single_image image=&#8221;11435&#8243; img_size=&#8221;large&#8221; style=&#8221;vc_box_rounded&#8221;][\/vc_column][vc_column width=&#8221;1\/2&#8243;][vc_column_text]\u0418\u0441\u043f\u0430\u043d\u0441\u043a\u0430\u044f \u044d\u043b\u0435\u043a\u0442\u0440\u043e\u0442\u0435\u0445\u043d\u0438\u0447\u0435\u0441\u043a\u0430\u044f\u00a0\u043a\u043e\u043c\u043f\u0430\u043d\u0438\u044f Simon \u0431\u0443\u0434\u0435\u0442 \u0432 2016 \u0433\u043e\u0434\u0443 \u043f\u0440\u0430\u0437\u0434\u043d\u043e\u0432\u0430\u0442\u044c \u0441\u0432\u043e\u0435 \u0441\u0442\u043e\u043b\u0435\u0442\u0438\u0435. \u0417\u0430 \u044d\u0442\u043e \u0432\u0440\u0435\u043c\u044f \u043e\u043d\u0430 \u043f\u0440\u043e\u0448\u043b\u0430 \u043f\u0443\u0442\u044c \u043e\u0442 \u043c\u0430\u0441\u0442\u0435\u0440\u0441\u043a\u043e\u0439 \u043f\u043e \u043f\u0440\u043e\u0438\u0437\u0432\u043e\u0434\u0441\u0442\u0432\u0443 \u044d\u043b\u0435\u043a\u0442\u0440\u043e\u043f\u0430\u0442\u0440\u043e\u043d\u043e\u0432 \u0434\u043e \u0442\u0440\u0430\u043d\u0441\u043d\u0430\u0446\u0438\u043e\u043d\u0430\u043b\u044c\u043d\u043e\u0439 \u043a\u043e\u0440\u043f\u043e\u0440\u0430\u0446\u0438\u0438. \u0412 2008 \u0433\u043e\u0434\u0443 \u043d\u0430\u0441\u0447\u0438\u0442\u044b\u0432\u0430\u043b\u043e\u0441\u044c 14 \u043f\u0440\u0435\u0434\u0441\u0442\u0430\u0432\u0438\u0442\u0435\u043b\u044c\u0441\u0442\u0432 \u043a\u043e\u043c\u043f\u0430\u043d\u0438\u0438\u00a0 \u0432 \u0440\u0430\u0437\u043d\u044b\u0445 \u0441\u0442\u0440\u0430\u043d\u0430\u0445 \u043c\u0438\u0440\u0430. \u0417\u0430\u0432\u043e\u0434\u044b Simon \u043f\u043e \u043f\u0440\u043e\u0438\u0437\u0432\u043e\u0434\u0441\u0442\u0432\u0443 \u044d\u043b\u0435\u043a\u0442\u0440\u043e\u0443\u0441\u0442\u0430\u043d\u043e\u0432\u043e\u0447\u043d\u043e\u0433\u043e \u043e\u0431\u043e\u0440\u0443\u0434\u043e\u0432\u0430\u043d\u0438\u044f \u0440\u0430\u0441\u043f\u043e\u043b\u043e\u0436\u0435\u043d\u044b \u0432 \u0440\u0430\u0437\u043d\u044b\u0445 \u0441\u0442\u0440\u0430\u043d\u0430\u0445 \u043c\u0438\u0440\u0430, \u0432\u043a\u043b\u044e\u0447\u0430\u044f \u0420\u043e\u0441\u0441\u0438\u044e, \u0432 \u043a\u043e\u0442\u043e\u0440\u043e\u0439 \u043f\u0440\u043e\u0438\u0437\u0432\u043e\u0434\u0438\u0442\u0441\u044f \u044d\u043a\u043e\u043d\u043e\u043c\u0438\u0447\u043d\u0430\u044f \u0441\u0435\u0440\u0438\u044f Simon 15. \u0420\u043e\u0437\u0435\u0442\u043a\u0438 \u0438 \u0432\u044b\u043a\u043b\u044e\u0447\u0430\u0442\u0435\u043b\u0438 Simon \u043f\u0440\u0438 \u0432\u044b\u0441\u043e\u043a\u043e\u043c \u043a\u0430\u0447\u0435\u0441\u0442\u0432\u0435 \u043e\u0431\u043e\u0440\u0443\u0434\u043e\u0432\u0430\u043d\u0438\u044f \u043e\u0442\u043b\u0438\u0447\u0430\u0435\u0442 \u0433\u0440\u043e\u043c\u0430\u0434\u043d\u044b\u0439 \u0432\u044b\u0431\u043e\u0440 \u0446\u0432\u0435\u0442\u043e\u0432 \u0438 \u043e\u0442\u0442\u0435\u043d\u043a\u043e\u0432 \u0440\u0430\u043c\u043e\u043a. \u041e\u0441\u043e\u0431\u043e\u0435 \u0432\u043d\u0438\u043c\u0430\u043d\u0438\u0435 \u0443\u0434\u0435\u043b\u044f\u0435\u0442\u0441\u044f \u044d\u043b\u0435\u043a\u0442\u0440\u043e\u0443\u0441\u0442\u0430\u043d\u043e\u0432\u043a\u0435 \u0434\u043b\u044f \u0434\u0435\u0442\u0441\u043a\u0438\u0445 \u043a\u043e\u043c\u043d\u0430\u0442. \u042d\u0442\u043e \u0438 \u043c\u043d\u043e\u0433\u043e\u043e\u0431\u0440\u0430\u0437\u0438\u0435 \u00ab\u0434\u0435\u0442\u0441\u043a\u0438\u0445\u00bb \u0440\u0430\u0441\u0446\u0432\u0435\u0442\u043e\u043a \u0438 \u043d\u0430\u043b\u0438\u0447\u0438\u0435 \u0441\u0432\u0435\u0442\u044f\u0449\u0438\u0445\u0441\u044f \u0432\u044b\u043a\u043b\u044e\u0447\u0430\u0442\u0435\u043b\u0435\u0439 \u0441 \u0441\u0438\u043c\u0432\u043e\u043b\u0430\u043c\u0438 \u00ab\u043b\u0443\u043d\u0430\/\u0441\u043e\u043b\u043d\u0446\u0435\u00bb \u0438 \u0441 \u0440\u0430\u0437\u043b\u0438\u0447\u043d\u044b\u043c\u0438 \u043a\u0430\u0440\u0442\u0438\u043d\u043a\u0430\u043c\u0438. \u0412 2009 \u0433\u043e\u0434\u0443 \u0432 \u0420\u043e\u0441\u0441\u0438\u044e \u0441\u0442\u0430\u043b\u043e \u043f\u043e\u0441\u0442\u0430\u0432\u043b\u044f\u0442\u0441\u044f \u043e\u0431\u043e\u0440\u0443\u0434\u043e\u0432\u0430\u043d\u0438\u0435 Simon Connect.<\/p>\n<p>\u0412 \u0440\u0430\u0437\u043d\u044b\u0445 \u0441\u0435\u0440\u0438\u044f\u0445 \u0445\u043e\u043b\u0434\u0438\u043d\u0433\u0430 \u043f\u0440\u0438\u0441\u0443\u0442\u0441\u0442\u0432\u0443\u044e\u0442, \u043a\u0430\u043a Simon \u0432\u044b\u043a\u043b\u044e\u0447\u0430\u0442\u0435\u043b\u0438, \u0434\u0438\u043c\u043c\u0435\u0440\u044b, \u0440\u043e\u0437\u0435\u0442\u043a\u0438 \u0443\u0441\u043b\u043e\u0432\u043d\u043e \u0443\u043d\u0438\u0432\u0435\u0440\u0441\u0430\u043b\u044c\u043d\u043e\u0433\u043e \u0438\u0441\u043f\u043e\u043b\u044c\u0437\u043e\u0432\u0430\u043d\u0438\u044f, \u0442\u0430\u043a \u0438 \u0440\u043e\u0437\u0435\u0442\u043a\u0438, \u0432\u044b\u043a\u043b\u044e\u0447\u0430\u0442\u0435\u043b\u0438 Simon, \u043e\u0440\u0438\u0435\u043d\u0442\u0438\u0440\u043e\u0432\u0430\u043d\u043d\u044b\u0435 \u043d\u0430 \u043f\u0440\u0438\u043c\u0435\u043d\u0435\u043d\u0438\u0435 \u0434\u043e\u043c\u0430, \u0432 \u043e\u0444\u0438\u0441\u0435, \u043f\u0440\u0435\u0434\u043f\u0440\u0438\u044f\u0442\u0438\u044f\u0445, \u043c\u0435\u0434\u0438\u0446\u0438\u043d\u0441\u043a\u0438\u0445 \u0443\u0447\u0440\u0435\u0436\u0434\u0435\u043d\u0438\u044f\u0445, \u043e\u0442\u0435\u043b\u044f\u0445. \u0412 \u0446\u0435\u043b\u043e\u043c \u0442\u0430\u043a\u043e\u0435 \u0434\u0435\u043b\u0435\u043d\u0438\u0435 \u0431\u043e\u043b\u044c\u0448\u0435 \u0443\u0441\u043b\u043e\u0432\u043d\u043e, \u0445\u043e\u0442\u044f \u0432\u044b\u043a\u043b\u044e\u0447\u0430\u0442\u0435\u043b\u0438 Simon \u0434\u043b\u044f \u043e\u0442\u0435\u043b\u0435\u0439 \u043c\u043e\u0433\u0443\u0442 \u043e\u0431\u043e\u0440\u0443\u0434\u043e\u0432\u0430\u0442\u044c\u0441\u044f \u0446\u0432\u0435\u0442\u043e\u0432\u043e\u0439 \u0438\u043d\u0434\u0438\u043a\u0430\u0446\u0438\u0435\u0439 \u0441\u0432\u043e\u0431\u043e\u0434\u043d\u043e\/\u043d\u0435 \u0431\u0435\u0441\u043f\u043e\u043a\u043e\u0438\u0442\u044c (\u0437\u0435\u043b\u0435\u043d\u0430\u044f\/\u043a\u0440\u0430\u0441\u043d\u0430\u044f \u043f\u043e\u0434\u0441\u0432\u0435\u0442\u043a\u0430 \u043a\u043b\u0430\u0432\u0438\u0448\u0438), \u0432\u044b\u043a\u043b\u044e\u0447\u0430\u0442\u0435\u043b\u0438 \u0438 \u0440\u043e\u0437\u0435\u0442\u043a\u0438 \u0434\u043b\u044f \u0431\u043e\u043b\u044c\u043d\u0438\u0446 \u0432\u044b\u043f\u043e\u043b\u043d\u044f\u044e\u0442\u0441\u044f \u0441 \u043f\u043e\u0434\u0441\u0432\u0435\u0442\u043a\u043e\u0439, \u0438\u043d\u0442\u0435\u043d\u0441\u0438\u0432\u043d\u043e\u0441\u0442\u044c \u0441\u0432\u0435\u0442\u0430 \u043a\u043e\u0442\u043e\u0440\u043e\u0439 \u043f\u043e\u0437\u0432\u043e\u043b\u044f\u0435\u0442 \u043e\u0440\u0438\u0435\u043d\u0442\u0438\u0440\u043e\u0432\u0430\u0442\u044c\u0441\u044f \u0432 \u043f\u043e\u043b\u043d\u043e\u0441\u0442\u044c\u044e \u0442\u0435\u043c\u043d\u043e\u043c \u043a\u043e\u0440\u0438\u0434\u043e\u0440\u0435, \u0432\u044b\u043a\u043b\u044e\u0447\u0430\u0442\u0435\u043b\u0438 Simon \u0434\u043b\u044f \u043e\u0444\u0438\u0441\u043e\u0432 \u2013 \u043c\u0430\u0440\u043a\u0438\u0440\u043e\u0432\u043a\u043e\u0439-\u043e\u0431\u043e\u0437\u043d\u0430\u0447\u0435\u043d\u0438\u0435\u043c \u043a\u0430\u0431\u0438\u043d\u0435\u0442\u043e\u0432, \u0440\u043e\u0437\u0435\u0442\u043a\u0438 \u0438 \u0432\u044b\u043a\u043b\u044e\u0447\u0430\u0442\u0435\u043b\u0438 \u0434\u043b\u044f \u0434\u043e\u043c\u0430 \u2013 \u0441 \u043f\u043e\u0434\u0441\u0432\u0435\u0442\u043a\u043e\u0439, \u043c\u044f\u0433\u043a\u0438\u043c \u043e\u0441\u0432\u0435\u0449\u0435\u043d\u0438\u0435\u043c \u0432 \u0442\u0435\u043c\u043d\u043e\u0442\u0435, \u0438\u043d\u0434\u0438\u043a\u0430\u0446\u0438\u0435\u0439 \u043f\u0440\u0438\u0441\u0443\u0442\u0441\u0442\u0432\u0438\u044f (\u0434\u043b\u044f \u0432\u0430\u043d\u043d \u0438 \u0441\u0430\u043d\u0443\u0437\u043b\u043e\u0432) \u0438 \u0432 \u0447\u0440\u0435\u0437\u0432\u044b\u0447\u0430\u0439\u043d\u043e \u0440\u0430\u0437\u043d\u043e\u043e\u0431\u0440\u0430\u0437\u043d\u043e\u043c \u0434\u0438\u0437\u0430\u0439\u043d\u0435.<\/p>\n<p>\u041e\u0442\u0434\u0435\u043b\u044c\u043d\u043e \u0441\u0442\u043e\u0438\u0442 \u043e\u0442\u043c\u0435\u0442\u0438\u0442\u044c \u0432\u044b\u043a\u043b\u044e\u0447\u0430\u0442\u0435\u043b\u0438 \u0441 \u043a\u043b\u0430\u0432\u0438\u0448\u0430\u043c\u0438 \u0440\u0430\u0437\u043d\u044b\u0445 \u0446\u0432\u0435\u0442\u043e\u0432 \u0438 Simon \u0440\u043e\u0437\u0435\u0442\u043a\u0438 \u0434\u043b\u044f \u0438\u0441\u043f\u043e\u043b\u044c\u0437\u043e\u0432\u0430\u043d\u0438\u044f \u0432 \u043f\u043e\u043c\u0435\u0449\u0435\u043d\u0438\u044f\u0445 \u0441 \u0432\u044b\u0441\u043e\u043a\u043e\u0439 \u0432\u043b\u0430\u0436\u043d\u043e\u0441\u0442\u044c\u044e \u0438 \u0437\u0430\u0433\u0440\u044f\u0437\u043d\u0435\u043d\u043d\u043e\u0441\u0442\u044c\u044e \u0432\u043e\u0437\u0434\u0443\u0445\u0430 \u0441\u0435\u0440\u0438\u0438 Simon AQUA. \u0412\u044b\u043a\u043b\u044e\u0447\u0430\u0442\u0435\u043b\u044c \u0438\u043b\u0438 \u0440\u043e\u0437\u0435\u0442\u043a\u0430 Simon AQUA \u0438\u043c\u0435\u0435\u0442 \u043a\u043e\u0434 IP55, \u0447\u0442\u043e \u043f\u043e\u0437\u0432\u043e\u043b\u044f\u0435\u0442 \u0438\u0441\u043f\u043e\u043b\u044c\u0437\u043e\u0432\u0430\u0442\u044c \u0438\u0445 \u0432 \u043f\u043e\u043c\u0435\u0449\u0435\u043d\u0438\u044f\u0445 \u0431\u0430\u0441\u0441\u0435\u0439\u043d\u043e\u0432, \u0432 \u0432\u0430\u043d\u043d\u043e\u0439, \u043d\u0430 \u0443\u043b\u0438\u0446\u0435, \u0432\u043e \u0434\u0432\u043e\u0440\u0435, \u0432 \u0441\u0430\u0434\u0443 \u0438 \u0442.\u0434. (\u0440\u043e\u0437\u0435\u0442\u043a\u0430 \u043e\u0431\u043e\u0440\u0443\u0434\u0443\u0435\u0442\u0441\u044f \u0437\u0430\u0449\u0438\u0442\u043d\u043e\u0439 \u043a\u0440\u044b\u0448\u043a\u043e\u0439, \u0430 \u043a\u0430\u0431\u0435\u043b\u044c \u043f\u043e\u0434\u0432\u043e\u0434\u0438\u0442\u0441\u044f \u043a \u0441\u043f\u0435\u0446\u0438\u0430\u043b\u044c\u043d\u043e\u043c\u0443 \u0430\u0434\u0430\u043f\u0442\u0435\u0440\u0443 \u0431\u0435\u0437 \u043d\u0435\u043e\u0431\u0445\u043e\u0434\u0438\u043c\u043e\u0441\u0442\u0438 \u0434\u0435\u043c\u043e\u043d\u0442\u0430\u0436\u0430 \u043a\u043e\u0440\u043e\u0431\u043a\u0438).<\/p>\n<p><strong>Simon 82<\/strong><\/p>\n<p>\u0421\u0430\u043c\u0430\u044f \u043e\u0431\u0448\u0438\u0440\u043d\u0430\u044f \u0438 \u0434\u043e\u043b\u0433\u043e\u0441\u0443\u0449\u0435\u0441\u0442\u0432\u0443\u044e\u0449\u0430\u044f \u0441\u0435\u0440\u0438\u044f \u0432\u043a\u043b\u044e\u0447\u0430\u0435\u0442 \u0432 \u0441\u0435\u0431\u044f \u0431\u043e\u043b\u044c\u0448\u043e\u0435 \u043a\u043e\u043b\u0438\u0447\u0435\u0441\u0442\u0432\u043e \u0443\u0441\u0442\u0440\u043e\u0439\u0441\u0442\u0432 \u0434\u043b\u044f \u0443\u043f\u0440\u0430\u0432\u043b\u0435\u043d\u0438\u044f \u0441\u0432\u0435\u0442\u043e\u043c, \u0437\u0432\u0443\u043a\u043e\u043c, \u0436\u0430\u043b\u044e\u0437\u0438 \u0438 \u043c\u043d\u043e\u0433\u0438\u0435 \u0434\u0440\u0443\u0433\u0438\u0435. \u041a\u043b\u0430\u0441\u0441\u0438\u0447\u0435\u0441\u043a\u0438\u0435 \u0444\u043e\u0440\u043c\u044b \u0438\u0441\u043f\u044b\u0442\u0430\u043d\u044b \u0432\u0440\u0435\u043c\u0435\u043d\u0435\u043c, \u0430 \u043c\u043d\u043e\u0433\u043e\u043e\u0431\u0440\u0430\u0437\u0438\u0435 \u0440\u0430\u0441\u0446\u0432\u0435\u0442\u043e\u043a \u0438 \u043c\u0430\u0442\u0435\u0440\u0438\u0430\u043b\u043e\u0432 \u0440\u0430\u043c\u043e\u043a \u0438 \u0432\u043d\u0443\u0442\u0440\u0435\u043d\u043d\u0438\u0445 \u044d\u043b\u0435\u043c\u0435\u043d\u0442\u043e\u0432 \u0434\u0430\u044e\u0442 \u0440\u0435\u0430\u043b\u044c\u043d\u0443\u044e \u0441\u0432\u043e\u0431\u043e\u0434\u0443 \u0432\u044b\u0431\u043e\u0440\u0430. \u041c\u0430\u043a\u0441\u0438\u043c\u0430\u043b\u044c\u043d\u044b\u0439 \u0440\u0430\u0437\u043c\u0435\u0440 \u0440\u0430\u043c\u043a\u0438\u00a0simon 82\u00a0\u2013 4 \u043f\u043e\u0441\u0442\u0430.[\/vc_column_text][\/vc_column][\/vc_row][vc_row][vc_column][\/vc_column][\/vc_row][vc_row][vc_column][vc_single_image image=&#8221;12149&#8243; img_size=&#8221;full&#8221; alignment=&#8221;center&#8221;][\/vc_column][\/vc_row][vc_row][vc_column width=&#8221;1\/3&#8243;][vc_single_image image=&#8221;12151&#8243; img_size=&#8221;full&#8221;][vc_column_text]<\/p>\n<h4>Moderni risin\u0101jumi<\/h4>\n<p>Pied\u0101v\u0101jam sl\u0113d\u017eus ar jauniem risin\u0101jumiem &#8211; FM radio, d\u016bmu detektoru, pl\u016bdu sensoru, kust\u012bbas sensoru, kl\u0101tb\u016btnes simulatoru u.c.[\/vc_column_text][\/vc_column][vc_column width=&#8221;1\/3&#8243;][vc_single_image image=&#8221;12158&#8243; img_size=&#8221;full&#8221;][vc_column_text]<\/p>\n<h4>Viegla instal\u0101cija<\/h4>\n<p>Viegli pielietot pateicoties stiprin\u0101jumiem.[\/vc_column_text][\/vc_column][vc_column width=&#8221;1\/3&#8243;][vc_single_image image=&#8221;12157&#8243; img_size=&#8221;full&#8221;][vc_column_text]<\/p>\n<h4>Daudz dizaina iesp\u0113ju<\/h4>\n<p>Viegli piel\u0101got sl\u0113d\u017eu un rozetes interjeram.[\/vc_column_text][\/vc_column][\/vc_row][vc_row][vc_column width=&#8221;1\/3&#8243;][vc_single_image image=&#8221;12160&#8243; img_size=&#8221;full&#8221;][vc_column_text]<\/p>\n<h4>Da\u017e\u0101di materi\u0101li<\/h4>\n<p>Liela materi\u0101lu da\u017e\u0101d\u012bba no kvalitat\u012bvas plastmasas l\u012bdz stiklam, kokam un met\u0101lam.[\/vc_column_text][\/vc_column][vc_column width=&#8221;1\/3&#8243;][vc_single_image image=&#8221;12159&#8243; img_size=&#8221;full&#8221;][vc_column_text]<\/p>\n<h4>Dro\u0161i b\u0113rniem<\/h4>\n<p>Rozet\u0113 var iespraust tikai tai paredz\u0113t\u0101s elektroier\u012bces.[\/vc_column_text][\/vc_column][vc_column width=&#8221;1\/3&#8243;][vc_single_image image=&#8221;12164&#8243; img_size=&#8221;full&#8221;][vc_column_text]<\/p>\n<h4>Kompleksi risin\u0101jumi uz\u0146\u0113m\u0113jdarb\u012bbai<\/h4>\n<p>KONTAKT-SIMON pied\u0101v\u0101 ar\u012b kompleksus risin\u0101jumus uz\u0146\u0113m\u0113jdarb\u012bbai, sl\u0113dzamas piek\u013cuves rozetes, kompleksus elektrotehniskus risin\u0101jumus.[\/vc_column_text][\/vc_column][\/vc_row]<\/p>\n","protected":false},"excerpt":{"rendered":"<p>[vc_row][vc_column width=&#8221;1\/2&#8243;][vc_single_image image=&#8221;11435&#8243; img_size=&#8221;large&#8221; style=&#8221;vc_box_rounded&#8221;][\/vc_column][vc_column width=&#8221;1\/2&#8243;][vc_column_text]\u0418\u0441\u043f\u0430\u043d\u0441\u043a\u0430\u044f \u044d\u043b\u0435\u043a\u0442\u0440\u043e\u0442\u0435\u0445\u043d\u0438\u0447\u0435\u0441\u043a\u0430\u044f\u00a0\u043a\u043e\u043c\u043f\u0430\u043d\u0438\u044f Simon \u0431\u0443\u0434\u0435\u0442 \u0432 2016 \u0433\u043e\u0434\u0443 \u043f\u0440\u0430\u0437\u0434\u043d\u043e\u0432\u0430\u0442\u044c \u0441\u0432\u043e\u0435 \u0441\u0442\u043e\u043b\u0435\u0442\u0438\u0435. \u0417\u0430 \u044d\u0442\u043e \u0432\u0440\u0435\u043c\u044f \u043e\u043d\u0430 \u043f\u0440\u043e\u0448\u043b\u0430 \u043f\u0443\u0442\u044c \u043e\u0442 \u043c\u0430\u0441\u0442\u0435\u0440\u0441\u043a\u043e\u0439 \u043f\u043e \u043f\u0440\u043e\u0438\u0437\u0432\u043e\u0434\u0441\u0442\u0432\u0443 \u044d\u043b\u0435\u043a\u0442\u0440\u043e\u043f\u0430\u0442\u0440\u043e\u043d\u043e\u0432 \u0434\u043e \u0442\u0440\u0430\u043d\u0441\u043d\u0430\u0446\u0438\u043e\u043d\u0430\u043b\u044c\u043d\u043e\u0439 \u043a\u043e\u0440\u043f\u043e\u0440\u0430\u0446\u0438\u0438. \u0412 2008 \u0433\u043e\u0434\u0443 \u043d\u0430\u0441\u0447\u0438\u0442\u044b\u0432\u0430\u043b\u043e\u0441\u044c 14 \u043f\u0440\u0435\u0434\u0441\u0442\u0430\u0432\u0438\u0442\u0435\u043b\u044c\u0441\u0442\u0432 \u043a\u043e\u043c\u043f\u0430\u043d\u0438\u0438\u00a0 \u0432 \u0440\u0430\u0437\u043d\u044b\u0445 \u0441\u0442\u0440\u0430\u043d\u0430\u0445 \u043c\u0438\u0440\u0430. \u0417\u0430\u0432\u043e\u0434\u044b Simon \u043f\u043e \u043f\u0440\u043e\u0438\u0437\u0432\u043e\u0434\u0441\u0442\u0432\u0443 \u044d\u043b\u0435\u043a\u0442\u0440\u043e\u0443\u0441\u0442\u0430\u043d\u043e\u0432\u043e\u0447\u043d\u043e\u0433\u043e \u043e\u0431\u043e\u0440\u0443\u0434\u043e\u0432\u0430\u043d\u0438\u044f \u0440\u0430\u0441\u043f\u043e\u043b\u043e\u0436\u0435\u043d\u044b \u0432 \u0440\u0430\u0437\u043d\u044b\u0445 \u0441\u0442\u0440\u0430\u043d\u0430\u0445 \u043c\u0438\u0440\u0430, \u0432\u043a\u043b\u044e\u0447\u0430\u044f \u0420\u043e\u0441\u0441\u0438\u044e, \u0432 \u043a\u043e\u0442\u043e\u0440\u043e\u0439 \u043f\u0440\u043e\u0438\u0437\u0432\u043e\u0434\u0438\u0442\u0441\u044f \u044d\u043a\u043e\u043d\u043e\u043c\u0438\u0447\u043d\u0430\u044f \u0441\u0435\u0440\u0438\u044f Simon 15&#8230;.<\/p>\n","protected":false},"author":1,"featured_media":0,"parent":0,"menu_order":0,"comment_status":"closed","ping_status":"closed","template":"page-left-sliderbar.php","meta":{"_exactmetrics_skip_tracking":false,"_exactmetrics_sitenote_active":false,"_exactmetrics_sitenote_note":"","_exactmetrics_sitenote_category":0,"footnotes":""},"class_list":["post-15070","page","type-page","status-publish","hentry"],"aioseo_notices":[],"_links":{"self":[{"href":"http:\/\/evinni.lv\/ru\/wp-json\/wp\/v2\/pages\/15070","targetHints":{"allow":["GET"]}}],"collection":[{"href":"http:\/\/evinni.lv\/ru\/wp-json\/wp\/v2\/pages"}],"about":[{"href":"http:\/\/evinni.lv\/ru\/wp-json\/wp\/v2\/types\/page"}],"author":[{"embeddable":true,"href":"http:\/\/evinni.lv\/ru\/wp-json\/wp\/v2\/users\/1"}],"replies":[{"embeddable":true,"href":"http:\/\/evinni.lv\/ru\/wp-json\/wp\/v2\/comments?post=15070"}],"version-history":[{"count":1,"href":"http:\/\/evinni.lv\/ru\/wp-json\/wp\/v2\/pages\/15070\/revisions"}],"predecessor-version":[{"id":15072,"href":"http:\/\/evinni.lv\/ru\/wp-json\/wp\/v2\/pages\/15070\/revisions\/15072"}],"wp:attachment":[{"href":"http:\/\/evinni.lv\/ru\/wp-json\/wp\/v2\/media?parent=15070"}],"curies":[{"name":"wp","href":"https:\/\/api.w.org\/{rel}","templated":true}]}}