{"id":13210,"date":"2015-12-25T09:38:31","date_gmt":"2015-12-25T09:38:31","guid":{"rendered":"http:\/\/evinni.painters.lv\/en\/?page_id=13210"},"modified":"2019-07-22T14:46:33","modified_gmt":"2019-07-22T14:46:33","slug":"rozetes-un-sledzi","status":"publish","type":"page","link":"http:\/\/evinni.lv\/en\/rozetes-un-sledzi\/","title":{"rendered":"Sl\u0113d\u017ei, rozetes"},"content":{"rendered":"<p>[vc_row][vc_column width=&#8221;1\/2&#8243;][vc_single_image image=&#8221;11435&#8243; img_size=&#8221;large&#8221; style=&#8221;vc_box_rounded&#8221;][\/vc_column][vc_column width=&#8221;1\/2&#8243;][vc_column_text]M\u0113s pied\u0101v\u0101jam komp\u0101nijas KONTAKT-SIMON SA elektro-instal\u0101cijas iek\u0101rtas: rozetes, sl\u0113d\u017eus, gr\u012bdas kastes un praktiskas elektronisk\u0101s preces.\u00a0T\u0101s apvieno funkcionalit\u0101ti ar augstu est\u0113tiku un \u00a0ir izmantojamas m\u0101j\u0101s, birojos, publisk\u0101s un r\u016bpniecisk\u0101s \u0113k\u0101s.\u00a0M\u016bsu pied\u0101v\u0101jum\u0101 ietilpst ar\u012b t\u0101lvad\u012bbas sl\u0113d\u017ei, LED gaismas modu\u013ci, g\u0101zes un pl\u016bdu detektori un nesen ieviests ar\u012b \u0101r\u0113j\u0101 apgaismojuma sortiments.Uz\u0146\u0113muma pla\u0161ais produktu pied\u0101v\u0101jums, modern\u0101s tehnolo\u0123ijas un augstas kvalit\u0101tes iek\u0101rtas un izejvielas ir sa\u0146\u0113mu\u0161i atzin\u012bbu pa\u0161m\u0101ju un \u0101rvalstu tirgos, ko pier\u0101da daudzie sertifik\u0101ti. Pateicoties tam m\u0113s pied\u0101v\u0101jam ne tikai est\u0113tiskas un univers\u0101las ier\u012bces, bet ar\u012b dro\u0161as un videi draudz\u012bgas.\u00a0M\u0113s nemit\u012bgi turpin\u0101m pilnveidot m\u016bsu pied\u0101v\u0101jumu, taj\u0101 pa\u0161\u0101 laik\u0101 saglab\u0101jot augstus kvalit\u0101tes standartus.[\/vc_column_text][vc_btn title=&#8221;Lejupl\u0101d\u0113t SIMON sl\u0113d\u017eu un roze\u0161u katalogu&#8221; color=&#8221;warning&#8221; size=&#8221;lg&#8221; link=&#8221;url:http%3A%2F%2Fevinni.lv%2Fwp-content%2Fuploads%2F2016%2FKontaktSimon_Katalogs.pdf||target:%20_blank&#8221;][\/vc_column][\/vc_row][vc_row][vc_column][\/vc_column][\/vc_row][vc_row][vc_column][vc_single_image image=&#8221;15399&#8243; img_size=&#8221;full&#8221; alignment=&#8221;center&#8221;][\/vc_column][\/vc_row][vc_row][vc_column width=&#8221;1\/3&#8243;][vc_single_image image=&#8221;12151&#8243; img_size=&#8221;full&#8221;][vc_column_text]<\/p>\n<h4>Moderni risin\u0101jumi<\/h4>\n<p>Pied\u0101v\u0101jam sl\u0113d\u017eus ar jauniem risin\u0101jumiem &#8211; FM radio, d\u016bmu detektoru, pl\u016bdu sensoru, kust\u012bbas sensoru, kl\u0101tb\u016btnes simulatoru u.c.[\/vc_column_text][\/vc_column][vc_column width=&#8221;1\/3&#8243;][vc_single_image image=&#8221;12158&#8243; img_size=&#8221;full&#8221;][vc_column_text]<\/p>\n<h4>Viegla instal\u0101cija<\/h4>\n<p>Viegli pielietot pateicoties stiprin\u0101jumiem.[\/vc_column_text][\/vc_column][vc_column width=&#8221;1\/3&#8243;][vc_single_image image=&#8221;12157&#8243; img_size=&#8221;full&#8221;][vc_column_text]<\/p>\n<h4>Daudz dizaina iesp\u0113ju<\/h4>\n<p>Viegli piel\u0101got sl\u0113d\u017eu un rozetes interjeram.[\/vc_column_text][\/vc_column][\/vc_row][vc_row][vc_column width=&#8221;1\/3&#8243;][vc_single_image image=&#8221;12160&#8243; img_size=&#8221;full&#8221;][vc_column_text]<\/p>\n<h4>Da\u017e\u0101di materi\u0101li<\/h4>\n<p>Liela materi\u0101lu da\u017e\u0101d\u012bba no kvalitat\u012bvas plastmasas l\u012bdz stiklam, kokam un met\u0101lam.[\/vc_column_text][\/vc_column][vc_column width=&#8221;1\/3&#8243;][vc_single_image image=&#8221;12159&#8243; img_size=&#8221;full&#8221;][vc_column_text]<\/p>\n<h4>Dro\u0161i b\u0113rniem<\/h4>\n<p>Rozet\u0113 var iespraust tikai tai paredz\u0113t\u0101s elektroier\u012bces.[\/vc_column_text][\/vc_column][vc_column width=&#8221;1\/3&#8243;][vc_single_image image=&#8221;12164&#8243; img_size=&#8221;full&#8221;][vc_column_text]<\/p>\n<h4>Kompleksi risin\u0101jumi uz\u0146\u0113m\u0113jdarb\u012bbai<\/h4>\n<p>KONTAKT-SIMON pied\u0101v\u0101 ar\u012b kompleksus risin\u0101jumus uz\u0146\u0113m\u0113jdarb\u012bbai, sl\u0113dzamas piek\u013cuves rozetes, kompleksus elektrotehniskus risin\u0101jumus.[\/vc_column_text][\/vc_column][\/vc_row]<\/p>\n","protected":false},"excerpt":{"rendered":"<p>[vc_row][vc_column width=&#8221;1\/2&#8243;][vc_single_image image=&#8221;11435&#8243; img_size=&#8221;large&#8221; style=&#8221;vc_box_rounded&#8221;][\/vc_column][vc_column width=&#8221;1\/2&#8243;][vc_column_text]M\u0113s pied\u0101v\u0101jam komp\u0101nijas KONTAKT-SIMON SA elektro-instal\u0101cijas iek\u0101rtas: rozetes, sl\u0113d\u017eus, gr\u012bdas kastes un praktiskas elektronisk\u0101s preces.\u00a0T\u0101s apvieno funkcionalit\u0101ti ar augstu est\u0113tiku un \u00a0ir izmantojamas m\u0101j\u0101s, birojos, publisk\u0101s un r\u016bpniecisk\u0101s \u0113k\u0101s.\u00a0M\u016bsu pied\u0101v\u0101jum\u0101 ietilpst ar\u012b t\u0101lvad\u012bbas sl\u0113d\u017ei, LED gaismas modu\u013ci, g\u0101zes un pl\u016bdu detektori un nesen ieviests ar\u012b \u0101r\u0113j\u0101 apgaismojuma sortiments.Uz\u0146\u0113muma pla\u0161ais produktu pied\u0101v\u0101jums, modern\u0101s tehnolo\u0123ijas un augstas&#8230;<\/p>\n","protected":false},"author":1,"featured_media":0,"parent":0,"menu_order":0,"comment_status":"closed","ping_status":"closed","template":"page-left-sliderbar.php","meta":{"_exactmetrics_skip_tracking":false,"_exactmetrics_sitenote_active":false,"_exactmetrics_sitenote_note":"","_exactmetrics_sitenote_category":0,"footnotes":""},"class_list":["post-13210","page","type-page","status-publish","hentry"],"aioseo_notices":[],"_links":{"self":[{"href":"http:\/\/evinni.lv\/en\/wp-json\/wp\/v2\/pages\/13210","targetHints":{"allow":["GET"]}}],"collection":[{"href":"http:\/\/evinni.lv\/en\/wp-json\/wp\/v2\/pages"}],"about":[{"href":"http:\/\/evinni.lv\/en\/wp-json\/wp\/v2\/types\/page"}],"author":[{"embeddable":true,"href":"http:\/\/evinni.lv\/en\/wp-json\/wp\/v2\/users\/1"}],"replies":[{"embeddable":true,"href":"http:\/\/evinni.lv\/en\/wp-json\/wp\/v2\/comments?post=13210"}],"version-history":[{"count":5,"href":"http:\/\/evinni.lv\/en\/wp-json\/wp\/v2\/pages\/13210\/revisions"}],"predecessor-version":[{"id":20193,"href":"http:\/\/evinni.lv\/en\/wp-json\/wp\/v2\/pages\/13210\/revisions\/20193"}],"wp:attachment":[{"href":"http:\/\/evinni.lv\/en\/wp-json\/wp\/v2\/media?parent=13210"}],"curies":[{"name":"wp","href":"https:\/\/api.w.org\/{rel}","templated":true}]}}