{"id":13141,"date":"2015-04-09T03:31:06","date_gmt":"2015-04-09T03:31:06","guid":{"rendered":"http:\/\/evinni.painters.lv\/en\/?page_id=13141"},"modified":"2025-02-20T17:13:01","modified_gmt":"2025-02-20T17:13:01","slug":"evinni","status":"publish","type":"page","link":"http:\/\/evinni.lv\/en\/evinni\/","title":{"rendered":"Par Evinni"},"content":{"rendered":"\n<p>[vc_row][vc_column][vc_single_image image=&#8221;15797&#8243; img_size=&#8221;full&#8221;][vc_custom_heading text=&#8221;Par uz\u0146\u0113mumu&#8221; use_theme_fonts=&#8221;yes&#8221;][\/vc_column][\/vc_row]<\/p>\n\n\n<p>[vc_row][vc_column width=&#8221;2\/3&#8243;][vc_row_inner][vc_column_inner][vc_column_text css=&#8221;.vc_custom_1455560758366{padding-left: 0px !important;}&#8221;]K\u0101dreiz, raksturojot savu preci, m\u0113s rakst\u012bj\u0101m: &#8220;Ekskluz\u012bvi apdares materi\u0101li&#8221;, jo m\u0113s bij\u0101m pirmie, vai vieni no pirmajiem, kas iepaz\u012bstin\u0101ja Latvijas tirgu ar fran\u010du iestieptajiem pl\u0113ves griestiem, stikla blokiem no \u010cehijas un It\u0101lijas, dekorat\u012bvaj\u0101m akmens fl\u012bz\u0113m un stikla durv\u012bm. Un tagad, pateicoties mums, \u0161ie materi\u0101li p\u0101rst\u0101ju\u0161i b\u016bt ekskluz\u012bvi. Tos atpaz\u012bst un nov\u0113rt\u0113.<\/p>\n<p>Ta\u010du m\u0113s mekl\u0113jam un pied\u0101v\u0101jam jauno.\u00a0Ja J\u016bs nodarbojaties ar savas telpas interjera dizainu, vai ar\u012b esat \u0161\u012bs jomas profesion\u0101lis, m\u016bsu pied\u0101v\u0101t\u0101 produkcija var Jums lieti noder\u0113t.<\/p>\n<p>M\u0113s str\u0101d\u0101jam daudzos virzienos, m\u016bsu risin\u0101jumi var b\u016bt patie\u0161\u0101m unik\u0101li un funkcion\u0101li.\u00a0Atn\u0101kot pie mums uz biroju, J\u016bs tiksiet iepaz\u012bstin\u0101ti ar visu &#8220;Evinni&#8221; pied\u0101v\u0101to produkciju, k\u0101 ar\u012b sa\u0146emsiet padomus un konsult\u0101cijas, jaut\u0101jumos, k\u0101 lab\u0101k izmantot telpu, vienlaic\u012bgi organiz\u0113jot un izdai\u013cojot to.[\/vc_column_text][\/vc_column_inner][\/vc_row_inner][\/vc_column][vc_column width=&#8221;1\/3&#8243;][vc_column_text css=&#8221;.vc_custom_1455562284970{padding-right: 10px !important;padding-left: 10px !important;}&#8221;]<\/p>\n<h3 style=\"font-size: 13px; color: #fff;\"><span style=\"color: #000000;\">EVINNI KONTAKTI<\/span><\/h3>\n<p style=\"font-size: 13px; color: #fff;\"><span style=\"color: #000000;\"><strong>E-pasts:<\/strong> evinni@evinni.lv<\/span><br \/>\n<span style=\"color: #000000;\"><strong>Mob.:<\/strong> +371 29576222,\u00a0<\/span><span style=\"color: #000000;\">+371 29544834<\/span><br \/>\n<span style=\"color: #000000;\"><strong>T\u0101lr:<\/strong> +371 67816060<\/span><\/p>\n<p style=\"font-size: 13px; color: #fff;\"><span style=\"color: #000000;\"><br \/>\n<span style=\"color: #000000;\"><strong>Re\u0123.nr.:<\/strong> LV 50002091311<\/span><\/p>\n<p>[\/vc_column_text][\/vc_column][\/vc_row]<\/p>\n\n\n\n<p>[vc_row][vc_column][vc_gmaps link=&#8221;#E-8_JTNDaWZyYW1lJTIwc3JjJTNEJTIyaHR0cHMlM0ElMkYlMkZ3d3cuZ29vZ2xlLmNvbSUyRm1hcHMlMkZlbWJlZCUzRnBiJTNEJTIxMW0xOCUyMTFtMTIlMjExbTMlMjExZDQzNDguMDgxNDk4MTY4OTYyJTIxMmQyNC4yMDY0NDc0NjM0OTk5MjQlMjEzZDU2Ljk4MjM2MjQ4NzQyNDgzJTIxMm0zJTIxMWYwJTIxMmYwJTIxM2YwJTIxM20yJTIxMWkxMDI0JTIxMmk3NjglMjE0ZjEzLjElMjEzbTMlMjExbTIlMjExczB4NDZlZWNlOGU1ZWUyNzg1ZiUyNTNBMHhlNzZmMGExYjExZWI4YmM4JTIxMnp4YUJ0WlhMRXZHRWdhV1ZzWVNBekxDQldhV1I2WlcxbGN5QndjbWxsYThXaGNHbHNjOFNUZEdFc0lGTEVxMmRoTENCTVZpMHhNREEyJTIxNWUwJTIxM20yJTIxMXNsdiUyMTJzbHYlMjE0djE0NTE2NzM2MDA5MjYlMjIlMjB3aWR0aCUzRCUyMjYwMCUyMiUyMGhlaWdodCUzRCUyMjQ1MCUyMiUyMGZyYW1lYm9yZGVyJTNEJTIyMCUyMiUyMHN0eWxlJTNEJTIyYm9yZGVyJTNBMCUyMiUyMGFsbG93ZnVsbHNjcmVlbiUzRSUzQyUyRmlmcmFtZSUzRQ==&#8221;][\/vc_column][\/vc_row][vc_row][vc_column][vc_text_separator title=&#8221;EVINNI jaunumi&#8221;][\/vc_column][\/vc_row][vc_row css=&#8221;.vc_custom_1445479594008{margin-bottom: 70px !important;}&#8221;][vc_column][dh_post_grid layout_style=&#8221;grid&#8221; columns=&#8221;3&#8243; posts_per_page=&#8221;3&#8243; hide_author=&#8221;yes&#8221; hide_comment=&#8221;yes&#8221; hide_category=&#8221;yes&#8221; excerpt_length=&#8221;30&#8243; categories=&#8221;jaunumi&#8221;][vc_btn title=&#8221;Skat\u012bt visus jaunumus&#8221; color=&#8221;orange&#8221; size=&#8221;lg&#8221; align=&#8221;center&#8221; css_animation=&#8221;top-to-bottom&#8221; link=&#8221;url:http%3A%2F%2Fevinni.lv%2Fjaunumi%2F||&#8221;][\/vc_column][\/vc_row][vc_row][vc_column][vc_text_separator title=&#8221;EVINNI atsauksmes&#8221;][\/vc_column][\/vc_row]<\/p>\n\n\n<p>[vc_row][vc_column][vc_tta_accordion][vc_tta_section title=&#8221;Amatciema kolekt\u012bva atsauksme&#8221; tab_id=&#8221;1455562576511-d2ac330e-552b&#8221;][vc_column_text]<em>V\u0113lamies izteikt pateic\u012bbu par sadarb\u012bbu un atz\u012bm\u0113t, ka m\u0113s atzin\u012bgi nov\u0113rt\u0113jam J\u016bsu uz\u0146\u0113muma profesionalit\u0101ti un sniegt\u0101 pakalpojuma kvalit\u0101ti.\u00a0T\u0101pat v\u0113lamies atz\u012bm\u0113t J\u016bsu uz\u0146\u0113muma darbinieku profesion\u0101lo kompetenci un labv\u0113l\u012bgo attieksmi pret mums k\u0101 klientiem un ceram uz veiksm\u012bgu sadarb\u012bbu ar\u012b turpm\u0101k.<\/em><\/p>\n<p><em>Amatciema kolekt\u012bvs.<\/em>[\/vc_column_text][\/vc_tta_section][vc_tta_section title=&#8221;Normunda Jansona atsauksme&#8221; tab_id=&#8221;1455562576587-18366cd3-4421&#8243;][vc_column_text]<\/p>\n<p class=\"p1\"><em><span class=\"s1\">\u00a0<\/span><span class=\"s2\">Es Normunds Jansons no Kuld\u012bgas gribu pateikt savu redz\u0113jumu ilgad\u0113j\u0101 sadarb\u012bb\u0101 ar IK &#8220;EVINNI&#8221; .<\/span><span class=\"s3\"><br \/>\n<\/span><span class=\"s1\">\u00a0<\/span><span class=\"s2\">Pirmk\u0101rt esmu \u013coti apmierin\u0101ts ar uz\u0146\u0113muma un t\u0101s \u012bpa\u0161nieces, person\u012bgi Evijas kundzes pieeju katra klienta v\u0113lm\u0113m un to risin\u0101\u0161anai.<\/span><span class=\"s3\"><br \/>\n<\/span><span class=\"s1\">\u00a0<\/span><span class=\"s2\">Pateicoties IK &#8220;EVINNI&#8221; vad\u012bt\u0101jai Evijai , kas veiksm\u012bgi atrisin\u0101ja<\/span> <span class=\"s2\">manas m\u0101jas interjerista ieceri &#8211;<span class=\"Apple-converted-space\">\u00a0 <\/span>aplikt m\u0101jas \u0101rsienas ar dekorat\u012bv\u0101m akmens masas fl\u012bz\u0113m &#8220;Celtic 3&#8221; un izmantojot m\u0101jas iek\u0161telp\u0101s pied\u0101v\u0101tos firmas izejmateri\u0101lus,izdev\u0101s \u013coti veiksm\u012bgi paveikt visus darbus &#8211; pat br\u012b\u017eiem lik\u0101s, ka t\u0101s ir nere\u0101li realiz\u0113jamas lietas &#8211; it sevi\u0161\u0137i m\u0101jas iek\u0161pus\u0113 &#8211; kr\u0101saino stikla bloku apa\u013co k\u0101p\u0146u telpu izveide un citus risin\u0101jumus.<\/span><span class=\"s3\"><br \/>\n<\/span><span class=\"s2\">Redzot \u0161odien blakus citu \u012bpa\u0161nieku m\u0101jas un \u012bpa\u0161umus, kas ir apdar\u012bti ar l\u0113t\u0101kiem izv\u0113l\u0113tiem materi\u0101liem no citiem pirc\u0113jiem toreiz un sal\u012bdzinot &#8211; \u0161odienas izskatu \u00a0&#8211; nav \u0161aubu par manis toreiz pareizi izdar\u012bto izv\u0113li par labu I\/K &#8220;EVINNI&#8221; produkcijai un kolekt\u012bvam par sadarb\u012bbu .<\/span><\/em><\/p>\n<p class=\"p1\"><em><span class=\"s2\">Pat p\u0113c darba pabeig\u0161anas firma ir vienm\u0113r sasniedzama un jebkuru, tev vajadz\u012bgo jaut\u0101jumu gatava risin\u0101t .<\/span><\/em><\/p>\n<p class=\"p1\"><em><span class=\"s2\">Nobeigum\u0101 gribu pateikt &#8211; vienu v\u0113rt\u012bgu atzi\u0146u ,kap\u0113c rakstu \u0161os pateic\u012bbas un ieteikuma v\u0101rdus eso\u0161iem un topo\u0161ajiem, jaunajiem klientiem &#8211; izmantojot IK &#8220;EVINNI&#8221; produkciju &#8211; jums t\u016bl\u012bt tiks pied\u0101v\u0101ti pareizie \u0137\u012bmijas un apstr\u0101des komponenti, kas tagad paejot jau 6 gadiem redzams uz m\u0101jas sien\u0101m &#8211; apdares materi\u0101li izskat\u0101s t\u0101, it k\u0101 tie b\u016btu uzlikti vakar.<\/span><span class=\"s3\"><br \/>\n<\/span><span class=\"s2\">V\u0113los Jums nov\u0113l\u0113t ar t\u0101du pa\u0161u azartismu apg\u016bstot visu jauno &#8211; un sagl\u0101b\u0101t labo sirsn\u012bbu un humora izj\u016btu str\u0101d\u0101jot ar pat tik pras\u012bgiem klientiem &#8211; k\u0101ds esmu es.<\/span><span class=\"s3\"><br \/>\n<\/span><span class=\"s2\">Paties\u0101 cie\u0146\u0101 &#8211; no Kuld\u012bgas &#8211; \u0136el\u0161u iela Nr.3a<\/span><\/em><\/p>\n<p>[\/vc_column_text][\/vc_tta_section][vc_tta_section title=&#8221;Marikas atsauksme&#8221; tab_id=&#8221;1455562782701-ce0ad13d-5d49&#8243;][vc_column_text]<em>\u013boti pat\u012bkami sadarboties ar cilv\u0113kiem, kas prot savu darbu,kas dom\u0101 par savu klientu, savu sadarb\u012bbas partneri ,un ir \u00a0sav\u0101 darb\u0101 iek\u0161\u0101 ar visu savu sirdi un dv\u0113seli. L\u016bk t\u0101di ir mani sadarb\u012bbas partneri sia EVINNI \u00a0&#8211;<img decoding=\"async\" class=\"CToWUd\" src=\"https:\/\/mail.google.com\/mail\/e\/349\" alt=\"\" \/><img decoding=\"async\" class=\"CToWUd\" src=\"https:\/\/mail.google.com\/mail\/e\/03D\" alt=\"\" \/> Evija un J\u0101nis.Nov\u0113lu Jums jaunus sadarb\u012bbas partnerus un daudz \u00a0jaunu projektu.\u00a0 <\/em><\/p>\n<p><em>Marika\u00a0<img decoding=\"async\" class=\"CToWUd\" src=\"https:\/\/mail.google.com\/mail\/e\/000\" alt=\"\" \/><\/em>[\/vc_column_text][\/vc_tta_section][\/vc_tta_accordion][\/vc_column][\/vc_row]<\/p>\n\n\n\n<p>[vc_row][vc_column][vc_empty_space][\/vc_column][\/vc_row]<\/p>\n","protected":false},"excerpt":{"rendered":"<p>[vc_row][vc_column][vc_single_image image=&#8221;15797&#8243; img_size=&#8221;full&#8221;][vc_custom_heading text=&#8221;Par uz\u0146\u0113mumu&#8221; use_theme_fonts=&#8221;yes&#8221;][\/vc_column][\/vc_row] [vc_row][vc_column][vc_gmaps link=&#8221;#E-8_JTNDaWZyYW1lJTIwc3JjJTNEJTIyaHR0cHMlM0ElMkYlMkZ3d3cuZ29vZ2xlLmNvbSUyRm1hcHMlMkZlbWJlZCUzRnBiJTNEJTIxMW0xOCUyMTFtMTIlMjExbTMlMjExZDQzNDguMDgxNDk4MTY4OTYyJTIxMmQyNC4yMDY0NDc0NjM0OTk5MjQlMjEzZDU2Ljk4MjM2MjQ4NzQyNDgzJTIxMm0zJTIxMWYwJTIxMmYwJTIxM2YwJTIxM20yJTIxMWkxMDI0JTIxMmk3NjglMjE0ZjEzLjElMjEzbTMlMjExbTIlMjExczB4NDZlZWNlOGU1ZWUyNzg1ZiUyNTNBMHhlNzZmMGExYjExZWI4YmM4JTIxMnp4YUJ0WlhMRXZHRWdhV1ZzWVNBekxDQldhV1I2WlcxbGN5QndjbWxsYThXaGNHbHNjOFNUZEdFc0lGTEVxMmRoTENCTVZpMHhNREEyJTIxNWUwJTIxM20yJTIxMXNsdiUyMTJzbHYlMjE0djE0NTE2NzM2MDA5MjYlMjIlMjB3aWR0aCUzRCUyMjYwMCUyMiUyMGhlaWdodCUzRCUyMjQ1MCUyMiUyMGZyYW1lYm9yZGVyJTNEJTIyMCUyMiUyMHN0eWxlJTNEJTIyYm9yZGVyJTNBMCUyMiUyMGFsbG93ZnVsbHNjcmVlbiUzRSUzQyUyRmlmcmFtZSUzRQ==&#8221;][\/vc_column][\/vc_row][vc_row][vc_column][vc_text_separator title=&#8221;EVINNI jaunumi&#8221;][\/vc_column][\/vc_row][vc_row css=&#8221;.vc_custom_1445479594008{margin-bottom: 70px !important;}&#8221;][vc_column][dh_post_grid layout_style=&#8221;grid&#8221; columns=&#8221;3&#8243; posts_per_page=&#8221;3&#8243; hide_author=&#8221;yes&#8221; hide_comment=&#8221;yes&#8221; hide_category=&#8221;yes&#8221; excerpt_length=&#8221;30&#8243; categories=&#8221;jaunumi&#8221;][vc_btn title=&#8221;Skat\u012bt visus jaunumus&#8221; color=&#8221;orange&#8221; size=&#8221;lg&#8221; align=&#8221;center&#8221; css_animation=&#8221;top-to-bottom&#8221; link=&#8221;url:http%3A%2F%2Fevinni.lv%2Fjaunumi%2F||&#8221;][\/vc_column][\/vc_row][vc_row][vc_column][vc_text_separator title=&#8221;EVINNI atsauksmes&#8221;][\/vc_column][\/vc_row] [vc_row][vc_column][vc_empty_space][\/vc_column][\/vc_row]<\/p>\n","protected":false},"author":1,"featured_media":0,"parent":0,"menu_order":0,"comment_status":"open","ping_status":"open","template":"page-no-sidebar.php","meta":{"_exactmetrics_skip_tracking":false,"_exactmetrics_sitenote_active":false,"_exactmetrics_sitenote_note":"","_exactmetrics_sitenote_category":0,"footnotes":""},"class_list":["post-13141","page","type-page","status-publish","hentry"],"aioseo_notices":[],"_links":{"self":[{"href":"http:\/\/evinni.lv\/en\/wp-json\/wp\/v2\/pages\/13141","targetHints":{"allow":["GET"]}}],"collection":[{"href":"http:\/\/evinni.lv\/en\/wp-json\/wp\/v2\/pages"}],"about":[{"href":"http:\/\/evinni.lv\/en\/wp-json\/wp\/v2\/types\/page"}],"author":[{"embeddable":true,"href":"http:\/\/evinni.lv\/en\/wp-json\/wp\/v2\/users\/1"}],"replies":[{"embeddable":true,"href":"http:\/\/evinni.lv\/en\/wp-json\/wp\/v2\/comments?post=13141"}],"version-history":[{"count":10,"href":"http:\/\/evinni.lv\/en\/wp-json\/wp\/v2\/pages\/13141\/revisions"}],"predecessor-version":[{"id":20209,"href":"http:\/\/evinni.lv\/en\/wp-json\/wp\/v2\/pages\/13141\/revisions\/20209"}],"wp:attachment":[{"href":"http:\/\/evinni.lv\/en\/wp-json\/wp\/v2\/media?parent=13141"}],"curies":[{"name":"wp","href":"https:\/\/api.w.org\/{rel}","templated":true}]}}